{"id":8577,"date":"2024-05-30T15:51:21","date_gmt":"2024-05-30T15:51:21","guid":{"rendered":"https:\/\/40920064.servicio-online.net\/?page_id=8577"},"modified":"2025-10-16T07:58:46","modified_gmt":"2025-10-16T05:58:46","slug":"about-us","status":"publish","type":"page","link":"https:\/\/lovemarbellaestate.com\/es\/about-us\/","title":{"rendered":"Sobre nosotros"},"content":{"rendered":"<div data-elementor-type=\"wp-page\" data-elementor-id=\"8577\" class=\"elementor elementor-8577\" data-elementor-post-type=\"page\">\n\t\t\t\t<div class=\"elementor-element elementor-element-51ac71e e-flex e-con-boxed e-con e-parent\" data-id=\"51ac71e\" data-element_type=\"container\" data-e-type=\"container\" data-settings=\"{&quot;background_background&quot;:&quot;classic&quot;}\">\n\t\t\t\t\t<div class=\"e-con-inner\">\n\t\t\t\t<div class=\"elementor-element elementor-element-316cbc6 elementor-widget elementor-widget-heading\" data-id=\"316cbc6\" data-element_type=\"widget\" data-e-type=\"widget\" data-widget_type=\"heading.default\">\n\t\t\t\t<div class=\"elementor-widget-container\">\n\t\t\t\t\t<h2 class=\"elementor-heading-title elementor-size-default\">Acerca de <b>Love Marbella Estate<\/h2>\t\t\t\t<\/div>\n\t\t\t\t<\/div>\n\t\t\t\t\t<\/div>\n\t\t\t\t<\/div>\n\t\t<div class=\"elementor-element elementor-element-1712f6a e-flex e-con-boxed e-con e-parent\" data-id=\"1712f6a\" data-element_type=\"container\" data-e-type=\"container\">\n\t\t\t\t\t<div class=\"e-con-inner\">\n\t\t\t\t<div class=\"elementor-element elementor-element-67f91ea elementor-widget elementor-widget-text-editor\" data-id=\"67f91ea\" data-element_type=\"widget\" data-e-type=\"widget\" data-widget_type=\"text-editor.default\">\n\t\t\t\t<div class=\"elementor-widget-container\">\n\t\t\t\t\t\t\t\t\t<p><strong>Love Marbella Estate<\/strong> es una agencia inmobiliaria formada por un apasionado, con experiencia y un equipo humano altamente cualificado, cuyo objetivo es proporcionar una experiencia \u00fanica y personalizada, de experiencias y de alto inter\u00e9s de las inversiones de nuestros clientes. Nuestra experiencia en el Marbella sector inmobiliario con m\u00e1s de 22 a\u00f1os de garant\u00eda de nuestra calidad.<\/p><p>\u00a0<\/p><p><i>Our commitment is to our client\u2019s objectives. We are dedicated to making our client\u2019s dream of an unforgettable vacation come true; or to making their dream of living in one of the most privileged enclaves in Europe come true. <\/i>We are agents specialised in exclusive properties for sale or rent, in the medium-high segment, especially in Marbella, and Costa del Sol.<\/p>\t\t\t\t\t\t\t\t<\/div>\n\t\t\t\t<\/div>\n\t\t\t\t\t<\/div>\n\t\t\t\t<\/div>\n\t\t<div class=\"elementor-element elementor-element-4c68906 e-con-full e-flex e-con e-parent\" data-id=\"4c68906\" data-element_type=\"container\" data-e-type=\"container\">\n\t\t<div class=\"elementor-element elementor-element-1b912d4 e-con-full e-flex e-con e-child\" data-id=\"1b912d4\" data-element_type=\"container\" data-e-type=\"container\" data-settings=\"{&quot;background_background&quot;:&quot;classic&quot;}\">\n\t\t\t\t<\/div>\n\t\t<div class=\"elementor-element elementor-element-f535ffc e-con-full e-flex e-con e-child\" data-id=\"f535ffc\" data-element_type=\"container\" data-e-type=\"container\">\n\t\t\t\t<div class=\"elementor-element elementor-element-03e1157 elementor-widget elementor-widget-heading\" data-id=\"03e1157\" data-element_type=\"widget\" data-e-type=\"widget\" data-widget_type=\"heading.default\">\n\t\t\t\t<div class=\"elementor-widget-container\">\n\t\t\t\t\t<h2 class=\"elementor-heading-title elementor-size-default\">CAROLINA AMEZCUA<\/h2>\t\t\t\t<\/div>\n\t\t\t\t<\/div>\n\t\t\t\t<div class=\"elementor-element elementor-element-23a105f elementor-widget elementor-widget-heading\" data-id=\"23a105f\" data-element_type=\"widget\" data-e-type=\"widget\" data-widget_type=\"heading.default\">\n\t\t\t\t<div class=\"elementor-widget-container\">\n\t\t\t\t\t<h2 class=\"elementor-heading-title elementor-size-default\">CEO-FOUNDER<\/h2>\t\t\t\t<\/div>\n\t\t\t\t<\/div>\n\t\t\t\t<div class=\"elementor-element elementor-element-907d161 elementor-widget elementor-widget-text-editor\" data-id=\"907d161\" data-element_type=\"widget\" data-e-type=\"widget\" data-widget_type=\"text-editor.default\">\n\t\t\t\t<div class=\"elementor-widget-container\">\n\t\t\t\t\t\t\t\t\t<p>Carolina Amezcua has extensive experience in the Marbella real estate sector. With more than 20 years of experience, her knowledge covers both the rental of luxury properties, or primary residences, the sale of real estate, as well as advice on investing on the Costa del Sol. With a solid legal background, she can advise interested parties of any nationality and focus his real estate decisions correctly. She is also our Director and can attend in English, French and Spanish.<\/p>\t\t\t\t\t\t\t\t<\/div>\n\t\t\t\t<\/div>\n\t\t\t\t<\/div>\n\t\t\t\t<\/div>\n\t\t<div class=\"elementor-element elementor-element-8a4aa7a e-con-full elementor-hidden-mobile e-flex e-con e-parent\" data-id=\"8a4aa7a\" data-element_type=\"container\" data-e-type=\"container\">\n\t\t<div class=\"elementor-element elementor-element-6f319b9 e-con-full e-flex e-con e-child\" data-id=\"6f319b9\" data-element_type=\"container\" data-e-type=\"container\">\n\t\t\t\t<div class=\"elementor-element elementor-element-fa06be7 elementor-widget elementor-widget-heading\" data-id=\"fa06be7\" data-element_type=\"widget\" data-e-type=\"widget\" data-widget_type=\"heading.default\">\n\t\t\t\t<div class=\"elementor-widget-container\">\n\t\t\t\t\t<h2 class=\"elementor-heading-title elementor-size-default\">KATALIN HORVATH\n<\/h2>\t\t\t\t<\/div>\n\t\t\t\t<\/div>\n\t\t\t\t<div class=\"elementor-element elementor-element-8548343 elementor-widget elementor-widget-heading\" data-id=\"8548343\" data-element_type=\"widget\" data-e-type=\"widget\" data-widget_type=\"heading.default\">\n\t\t\t\t<div class=\"elementor-widget-container\">\n\t\t\t\t\t<h2 class=\"elementor-heading-title elementor-size-default\">SALES &amp; RENTALS CONSULTANT\n<\/h2>\t\t\t\t<\/div>\n\t\t\t\t<\/div>\n\t\t\t\t<div class=\"elementor-element elementor-element-50b6e23 elementor-widget elementor-widget-text-editor\" data-id=\"50b6e23\" data-element_type=\"widget\" data-e-type=\"widget\" data-widget_type=\"text-editor.default\">\n\t\t\t\t<div class=\"elementor-widget-container\">\n\t\t\t\t\t\t\t\t\t<div class=\"wpb_column vc_column_container vc_col-sm-6 vc_hidden-md vc_hidden-sm vc_hidden-xs\"><div class=\"vc_column-inner\"><div class=\"wpb_wrapper\"><div class=\"wpb_text_column wpb_content_element  vc_custom_1594806489998\"><div class=\"wpb_wrapper\"><p>Katalin Horvath, as an expert in Marketing and Public Relations, has a vast experience in customer service and a deep knowledge of the Costa del Sol real estate market, particularly in dealing with clients from Central and Eastern Europe. She has a passion for her clients and her main interest is to provide them with the best property according to their needs. His speciality is investment properties, the areas of Marbella and its eastern area. We can communicate with her in Spanish, English, Hungarian, German, or Italian.<\/p><\/div><\/div><\/div><\/div><\/div><div class=\"wpb_column vc_column_container vc_col-sm-6 vc_hidden-md vc_hidden-sm vc_hidden-xs\"><div class=\"vc_column-inner\"><div class=\"wpb_wrapper\">\u00a0<\/div><\/div><\/div>\t\t\t\t\t\t\t\t<\/div>\n\t\t\t\t<\/div>\n\t\t\t\t<\/div>\n\t\t<div class=\"elementor-element elementor-element-870e34c e-con-full e-flex e-con e-child\" data-id=\"870e34c\" data-element_type=\"container\" data-e-type=\"container\" data-settings=\"{&quot;background_background&quot;:&quot;classic&quot;}\">\n\t\t\t\t<\/div>\n\t\t\t\t<\/div>\n\t\t<div class=\"elementor-element elementor-element-751fa41 e-con-full elementor-hidden-desktop elementor-hidden-tablet e-flex e-con e-parent\" data-id=\"751fa41\" data-element_type=\"container\" data-e-type=\"container\">\n\t\t<div class=\"elementor-element elementor-element-1354d93 e-con-full e-flex e-con e-child\" data-id=\"1354d93\" data-element_type=\"container\" data-e-type=\"container\" data-settings=\"{&quot;background_background&quot;:&quot;classic&quot;}\">\n\t\t\t\t<\/div>\n\t\t<div class=\"elementor-element elementor-element-71e1e7b e-con-full e-flex e-con e-child\" data-id=\"71e1e7b\" data-element_type=\"container\" data-e-type=\"container\">\n\t\t\t\t<div class=\"elementor-element elementor-element-ecc43bd elementor-widget elementor-widget-heading\" data-id=\"ecc43bd\" data-element_type=\"widget\" data-e-type=\"widget\" data-widget_type=\"heading.default\">\n\t\t\t\t<div class=\"elementor-widget-container\">\n\t\t\t\t\t<h2 class=\"elementor-heading-title elementor-size-default\">KATALIN HORVATH\n<\/h2>\t\t\t\t<\/div>\n\t\t\t\t<\/div>\n\t\t\t\t<div class=\"elementor-element elementor-element-e2af62f elementor-widget elementor-widget-heading\" data-id=\"e2af62f\" data-element_type=\"widget\" data-e-type=\"widget\" data-widget_type=\"heading.default\">\n\t\t\t\t<div class=\"elementor-widget-container\">\n\t\t\t\t\t<h2 class=\"elementor-heading-title elementor-size-default\">SALES &amp; RENTALS CONSULTANT\n<\/h2>\t\t\t\t<\/div>\n\t\t\t\t<\/div>\n\t\t\t\t<div class=\"elementor-element elementor-element-6b0970c elementor-widget elementor-widget-text-editor\" data-id=\"6b0970c\" data-element_type=\"widget\" data-e-type=\"widget\" data-widget_type=\"text-editor.default\">\n\t\t\t\t<div class=\"elementor-widget-container\">\n\t\t\t\t\t\t\t\t\t<div class=\"wpb_column vc_column_container vc_col-sm-6 vc_hidden-md vc_hidden-sm vc_hidden-xs\"><div class=\"vc_column-inner\"><div class=\"wpb_wrapper\"><div class=\"wpb_text_column wpb_content_element  vc_custom_1594806489998\"><div class=\"wpb_wrapper\"><p>Katalin Horvath, as an expert in Marketing and Public Relations, has a vast experience in customer service and a deep knowledge of the Costa del Sol real estate market, particularly in dealing with clients from Central and Eastern Europe. She has a passion for her clients and her main interest is to provide them with the best property according to their needs. His speciality is investment properties, the areas of Marbella and its eastern area. We can communicate with her in Spanish, English, Hungarian, German, or Italian.<\/p><\/div><\/div><\/div><\/div><\/div><div class=\"wpb_column vc_column_container vc_col-sm-6 vc_hidden-md vc_hidden-sm vc_hidden-xs\"><div class=\"vc_column-inner\"><div class=\"wpb_wrapper\">\u00a0<\/div><\/div><\/div>\t\t\t\t\t\t\t\t<\/div>\n\t\t\t\t<\/div>\n\t\t\t\t<\/div>\n\t\t\t\t<\/div>\n\t\t<div class=\"elementor-element elementor-element-92996ef e-con-full e-flex e-con e-parent\" data-id=\"92996ef\" data-element_type=\"container\" data-e-type=\"container\">\n\t\t<div class=\"elementor-element elementor-element-4051f19 e-con-full e-flex e-con e-child\" data-id=\"4051f19\" data-element_type=\"container\" data-e-type=\"container\" data-settings=\"{&quot;background_background&quot;:&quot;classic&quot;}\">\n\t\t\t\t<\/div>\n\t\t<div class=\"elementor-element elementor-element-80da8aa e-con-full e-flex e-con e-child\" data-id=\"80da8aa\" data-element_type=\"container\" data-e-type=\"container\">\n\t\t\t\t<div class=\"elementor-element elementor-element-f541d86 elementor-widget elementor-widget-heading\" data-id=\"f541d86\" data-element_type=\"widget\" data-e-type=\"widget\" data-widget_type=\"heading.default\">\n\t\t\t\t<div class=\"elementor-widget-container\">\n\t\t\t\t\t<h2 class=\"elementor-heading-title elementor-size-default\">RAHEEM ABDUL SALAM\n<\/h2>\t\t\t\t<\/div>\n\t\t\t\t<\/div>\n\t\t\t\t<div class=\"elementor-element elementor-element-c421636 elementor-widget elementor-widget-heading\" data-id=\"c421636\" data-element_type=\"widget\" data-e-type=\"widget\" data-widget_type=\"heading.default\">\n\t\t\t\t<div class=\"elementor-widget-container\">\n\t\t\t\t\t<h2 class=\"elementor-heading-title elementor-size-default\">SALES &amp; RENTALS CONSULTANT\n<\/h2>\t\t\t\t<\/div>\n\t\t\t\t<\/div>\n\t\t\t\t<div class=\"elementor-element elementor-element-c062e5e elementor-widget elementor-widget-text-editor\" data-id=\"c062e5e\" data-element_type=\"widget\" data-e-type=\"widget\" data-widget_type=\"text-editor.default\">\n\t\t\t\t<div class=\"elementor-widget-container\">\n\t\t\t\t\t\t\t\t\t<p>Raheem Abdul Salam, has been serving clients from all over the world for more than 10 years, his wide experience and his ability to communicate with the most varied profiles, giving an accurate answer to the most demanding ones. Always attentive to detail, his work as an agent and coordinator with the countries of the Middle East is unparalleled. He also collaborates in the logistics and assistance functions for our clients. His culture and origin guarantee that he can understand and serve Arab customers of all nationalities completely. He speaks Arabic, English, Farsi, Turkish and Indian, and he is proficient in several Asian languages.<\/p>\t\t\t\t\t\t\t\t<\/div>\n\t\t\t\t<\/div>\n\t\t\t\t<\/div>\n\t\t\t\t<\/div>\n\t\t<div class=\"elementor-element elementor-element-3df56de e-con-full elementor-hidden-mobile e-flex e-con e-parent\" data-id=\"3df56de\" data-element_type=\"container\" data-e-type=\"container\">\n\t\t<div class=\"elementor-element elementor-element-04c4cb2 e-con-full e-flex e-con e-child\" data-id=\"04c4cb2\" data-element_type=\"container\" data-e-type=\"container\">\n\t\t\t\t<div class=\"elementor-element elementor-element-2205043 elementor-widget elementor-widget-heading\" data-id=\"2205043\" data-element_type=\"widget\" data-e-type=\"widget\" data-widget_type=\"heading.default\">\n\t\t\t\t<div class=\"elementor-widget-container\">\n\t\t\t\t\t<h2 class=\"elementor-heading-title elementor-size-default\"><font style=\"vertical-align: inherit\"><font style=\"vertical-align: inherit\">ANTONIO <\/font><\/font><font style=\"vertical-align: inherit\"><font style=\"vertical-align: inherit\">AMEZCUA<\/font><\/font><\/h2>\t\t\t\t<\/div>\n\t\t\t\t<\/div>\n\t\t\t\t<div class=\"elementor-element elementor-element-962fb76 elementor-widget elementor-widget-heading\" data-id=\"962fb76\" data-element_type=\"widget\" data-e-type=\"widget\" data-widget_type=\"heading.default\">\n\t\t\t\t<div class=\"elementor-widget-container\">\n\t\t\t\t\t<h2 class=\"elementor-heading-title elementor-size-default\">SALES SUPPORT\n<\/h2>\t\t\t\t<\/div>\n\t\t\t\t<\/div>\n\t\t\t\t<div class=\"elementor-element elementor-element-2358532 elementor-widget elementor-widget-text-editor\" data-id=\"2358532\" data-element_type=\"widget\" data-e-type=\"widget\" data-widget_type=\"text-editor.default\">\n\t\t\t\t<div class=\"elementor-widget-container\">\n\t\t\t\t\t\t\t\t\t<div class=\"wpb_column vc_column_container vc_col-sm-6 vc_hidden-md vc_hidden-sm vc_hidden-xs\"><div class=\"vc_column-inner\"><div class=\"wpb_wrapper\"><div class=\"wpb_text_column wpb_content_element vc_custom_1594806489998\"><div class=\"wpb_wrapper\"><div class=\"wpb_text_column wpb_content_element  vc_custom_1594806809208\"><div class=\"wpb_wrapper\"><p>Antonio Amezcua is our Sales Support. His work is essentially one of coordination, logistics and administration. He is in charge of receiving and processing information in the best possible way, acting as a liaison with our collaborating agents and clients, and as an expert in various management tasks. His extensive experience in logistics and entertainment gives him the ability to respond to the most varied demands and offer an impeccable service to our customers. He is also in charge of providing clients with our additional services: Car rental, transfers, event reservations, Maids services, hotel reservations, etc. Our coordinator speaks English and Spanish.<\/p><\/div><\/div><\/div><\/div><\/div><\/div><\/div><div class=\"wpb_column vc_column_container vc_col-sm-6 vc_hidden-md vc_hidden-sm vc_hidden-xs\"><div class=\"vc_column-inner\"><div class=\"wpb_wrapper\">\u00a0<\/div><\/div><\/div>\t\t\t\t\t\t\t\t<\/div>\n\t\t\t\t<\/div>\n\t\t\t\t<\/div>\n\t\t<div class=\"elementor-element elementor-element-1adfa79 e-con-full e-flex e-con e-child\" data-id=\"1adfa79\" data-element_type=\"container\" data-e-type=\"container\" data-settings=\"{&quot;background_background&quot;:&quot;classic&quot;}\">\n\t\t\t\t<\/div>\n\t\t\t\t<\/div>\n\t\t<div class=\"elementor-element elementor-element-b2e6f27 e-con-full elementor-hidden-desktop elementor-hidden-tablet e-flex e-con e-parent\" data-id=\"b2e6f27\" data-element_type=\"container\" data-e-type=\"container\">\n\t\t<div class=\"elementor-element elementor-element-75709fc e-con-full e-flex e-con e-child\" data-id=\"75709fc\" data-element_type=\"container\" data-e-type=\"container\" data-settings=\"{&quot;background_background&quot;:&quot;classic&quot;}\">\n\t\t\t\t<\/div>\n\t\t<div class=\"elementor-element elementor-element-42fb0da e-con-full e-flex e-con e-child\" data-id=\"42fb0da\" data-element_type=\"container\" data-e-type=\"container\">\n\t\t\t\t<div class=\"elementor-element elementor-element-385b4d9 elementor-widget elementor-widget-heading\" data-id=\"385b4d9\" data-element_type=\"widget\" data-e-type=\"widget\" data-widget_type=\"heading.default\">\n\t\t\t\t<div class=\"elementor-widget-container\">\n\t\t\t\t\t<h2 class=\"elementor-heading-title elementor-size-default\">ANTONIO AMEZCUA\n<\/h2>\t\t\t\t<\/div>\n\t\t\t\t<\/div>\n\t\t\t\t<div class=\"elementor-element elementor-element-912423d elementor-widget elementor-widget-heading\" data-id=\"912423d\" data-element_type=\"widget\" data-e-type=\"widget\" data-widget_type=\"heading.default\">\n\t\t\t\t<div class=\"elementor-widget-container\">\n\t\t\t\t\t<h2 class=\"elementor-heading-title elementor-size-default\">SALES SUPPORT\n<\/h2>\t\t\t\t<\/div>\n\t\t\t\t<\/div>\n\t\t\t\t<div class=\"elementor-element elementor-element-0274dd5 elementor-widget elementor-widget-text-editor\" data-id=\"0274dd5\" data-element_type=\"widget\" data-e-type=\"widget\" data-widget_type=\"text-editor.default\">\n\t\t\t\t<div class=\"elementor-widget-container\">\n\t\t\t\t\t\t\t\t\t<div class=\"wpb_column vc_column_container vc_col-sm-6 vc_hidden-md vc_hidden-sm vc_hidden-xs\"><div class=\"vc_column-inner\"><div class=\"wpb_wrapper\"><div class=\"wpb_text_column wpb_content_element vc_custom_1594806489998\"><div class=\"wpb_wrapper\"><div class=\"wpb_text_column wpb_content_element  vc_custom_1594806809208\"><div class=\"wpb_wrapper\"><p>Antonio Amezcua is our Sales Support. His work is essentially one of coordination, logistics and administration. He is in charge of receiving and processing information in the best possible way, acting as a liaison with our collaborating agents and clients, and as an expert in various management tasks. His extensive experience in logistics and entertainment gives him the ability to respond to the most varied demands and offer an impeccable service to our customers. He is also in charge of providing clients with our additional services: Car rental, transfers, event reservations, Maids services, hotel reservations, etc. Our coordinator speaks English and Spanish.<\/p><\/div><\/div><\/div><\/div><\/div><\/div><\/div><div class=\"wpb_column vc_column_container vc_col-sm-6 vc_hidden-md vc_hidden-sm vc_hidden-xs\"><div class=\"vc_column-inner\"><div class=\"wpb_wrapper\">\u00a0<\/div><\/div><\/div>\t\t\t\t\t\t\t\t<\/div>\n\t\t\t\t<\/div>\n\t\t\t\t<\/div>\n\t\t\t\t<\/div>\n\t\t\t\t<\/div>","protected":false},"excerpt":{"rendered":"<p>About Love Marbella Estate Love Marbella Estate is a real estate agency formed by a passionate, experienced and highly qualified team whose objective is to provide both unique and personalised experiences and high interest investments to our clients. Our experience in the Marbella real estate sector for more than 22 years guarantees our quality. \u00a0&#8230;<\/p>","protected":false},"author":1,"featured_media":0,"parent":0,"menu_order":0,"comment_status":"closed","ping_status":"closed","template":"elementor_header_footer","meta":{"footnotes":""},"class_list":["post-8577","page","type-page","status-publish","hentry"],"_links":{"self":[{"href":"https:\/\/lovemarbellaestate.com\/es\/wp-json\/wp\/v2\/pages\/8577","targetHints":{"allow":["GET"]}}],"collection":[{"href":"https:\/\/lovemarbellaestate.com\/es\/wp-json\/wp\/v2\/pages"}],"about":[{"href":"https:\/\/lovemarbellaestate.com\/es\/wp-json\/wp\/v2\/types\/page"}],"author":[{"embeddable":true,"href":"https:\/\/lovemarbellaestate.com\/es\/wp-json\/wp\/v2\/users\/1"}],"replies":[{"embeddable":true,"href":"https:\/\/lovemarbellaestate.com\/es\/wp-json\/wp\/v2\/comments?post=8577"}],"version-history":[{"count":76,"href":"https:\/\/lovemarbellaestate.com\/es\/wp-json\/wp\/v2\/pages\/8577\/revisions"}],"predecessor-version":[{"id":9989,"href":"https:\/\/lovemarbellaestate.com\/es\/wp-json\/wp\/v2\/pages\/8577\/revisions\/9989"}],"wp:attachment":[{"href":"https:\/\/lovemarbellaestate.com\/es\/wp-json\/wp\/v2\/media?parent=8577"}],"curies":[{"name":"wp","href":"https:\/\/api.w.org\/{rel}","templated":true}]}}